{"id":46938,"date":"2019-08-21T12:39:56","date_gmt":"2019-08-21T12:39:56","guid":{"rendered":"https:\/\/www.miatranslate.cz\/information-and-communication-technology-translations\/"},"modified":"2022-11-19T09:32:42","modified_gmt":"2022-11-19T09:32:42","slug":"information-and-communication-technology-translations","status":"publish","type":"page","link":"https:\/\/www.miatranslate.cz\/en\/information-and-communication-technology-translations\/","title":{"rendered":"Information and Communication Technology Translations"},"content":{"rendered":"<p>[et_pb_section fb_built=&#8221;1&#8243; custom_padding_last_edited=&#8221;on|desktop&#8221; admin_label=&#8221;Header&#8221; _builder_version=&#8221;4.18.1&#8243; background_enable_color=&#8221;off&#8221; background_image=&#8221;https:\/\/www.miatranslate.cz\/wp-content\/uploads\/Banner_bubliny_1920x608.png&#8221; max_width_tablet=&#8221;&#8221; max_width_phone=&#8221;&#8221; max_width_last_edited=&#8221;on|desktop&#8221; module_alignment=&#8221;center&#8221; custom_margin=&#8221;||||false|false&#8221; custom_margin_tablet=&#8221;&#8221; custom_margin_phone=&#8221;||&#8221; custom_margin_last_edited=&#8221;on|desktop&#8221; custom_padding=&#8221;10%||10%||true|false&#8221; custom_padding_tablet=&#8221;&#8221; custom_padding_phone=&#8221;&#8221; global_colors_info=&#8221;{}&#8221;][\/et_pb_section][et_pb_section fb_built=&#8221;1&#8243; use_custom_gutter=&#8221;on&#8221; gutter_width=&#8221;1&#8243; specialty=&#8221;on&#8221; background_color_2=&#8221;#66ae23&#8243; bg_img_2=&#8221;https:\/\/www.miatranslate.cz\/wp-content\/uploads\/Accountant-Image-39.png&#8221; padding_top_2=&#8221;60px&#8221; padding_right_1=&#8221;60px&#8221; padding_right_2=&#8221;6%&#8221; padding_bottom_1=&#8221;60px&#8221; padding_bottom_2=&#8221;60px&#8221; padding_left_1=&#8221;10%&#8221; padding_left_2=&#8221;6%&#8221; padding_top_bottom_link_2=&#8221;true&#8221; padding_left_right_link_2=&#8221;true&#8221; padding_1_tablet=&#8221;|6%||6%&#8221; padding_2_tablet=&#8221;|||||true&#8221; padding_1_phone=&#8221;&#8221; padding_2_phone=&#8221;&#8221; padding_1_last_edited=&#8221;on|phone&#8221; padding_2_last_edited=&#8221;on|tablet&#8221; admin_label=&#8221;What We Do&#8221; module_class=&#8221; et_pb_specialty_fullwidth&#8221; _builder_version=&#8221;4.18.1&#8243; inner_width=&#8221;100%&#8221; inner_width_tablet=&#8221;100%&#8221; inner_width_phone=&#8221;100%&#8221; inner_width_last_edited=&#8221;on|desktop&#8221; inner_max_width=&#8221;100%&#8221; inner_max_width_tablet=&#8221;100%&#8221; inner_max_width_phone=&#8221;100%&#8221; inner_max_width_last_edited=&#8221;on|desktop&#8221; custom_padding=&#8221;30px|0px|54px|0px|false|false&#8221; make_fullwidth=&#8221;on&#8221; global_colors_info=&#8221;{}&#8221;][et_pb_column type=&#8221;1_2&#8243; _builder_version=&#8221;4.16&#8243; custom_padding=&#8221;|||&#8221; global_colors_info=&#8221;{}&#8221; padding_tablet=&#8221;|6%||6%&#8221; padding_last_edited=&#8221;on|phone&#8221; custom_padding__hover=&#8221;|||&#8221; padding_phone=&#8221;|6%||6%&#8221;][et_pb_text _builder_version=&#8221;4.18.1&#8243; header_font=&#8221;||||||||&#8221; header_2_font=&#8221;||||||||&#8221; header_3_font=&#8221;||||||||&#8221; header_4_font=&#8221;Montserrat|700||on|||||&#8221; header_4_text_color=&#8221;#a2aab2&#8243; header_4_font_size=&#8221;15px&#8221; header_4_letter_spacing=&#8221;2px&#8221; header_4_line_height=&#8221;1.6em&#8221; max_width=&#8221;600px&#8221; max_width_tablet=&#8221;700px&#8221; max_width_phone=&#8221;700px&#8221; max_width_last_edited=&#8221;off|desktop&#8221; custom_margin=&#8221;|||&#8221; custom_margin_tablet=&#8221;|0px||&#8221; custom_margin_phone=&#8221;|0px||&#8221; custom_margin_last_edited=&#8221;off|desktop&#8221; header_2_font_size_tablet=&#8221;30px&#8221; header_2_font_size_last_edited=&#8221;off|desktop&#8221; locked=&#8221;off&#8221; global_colors_info=&#8221;{}&#8221;]<\/p>\n<h4>What we do<\/h4>\n<p>[\/et_pb_text][et_pb_text _builder_version=&#8221;4.18.1&#8243; text_font=&#8221;||||||||&#8221; text_font_size=&#8221;16px&#8221; text_line_height=&#8221;2em&#8221; header_font=&#8221;||||||||&#8221; header_2_font=&#8221;Montserrat|800|||||||&#8221; header_2_font_size=&#8221;30px&#8221; header_2_line_height=&#8221;1.5em&#8221; header_3_font=&#8221;||||||||&#8221; header_4_font=&#8221;||||||||&#8221; max_width=&#8221;520px&#8221; max_width_tablet=&#8221;700px&#8221; max_width_phone=&#8221;700px&#8221; max_width_last_edited=&#8221;off|desktop&#8221; custom_margin=&#8221;||30px|&#8221; custom_margin_tablet=&#8221;|0px||&#8221; custom_margin_phone=&#8221;|0px||&#8221; custom_margin_last_edited=&#8221;off|desktop&#8221; custom_padding=&#8221;20px|||&#8221; header_2_font_size_tablet=&#8221;30px&#8221; header_2_font_size_phone=&#8221;20px&#8221; header_2_font_size_last_edited=&#8221;on|phone&#8221; border_color_all=&#8221;#66ae23&#8243; border_width_top=&#8221;2px&#8221; locked=&#8221;off&#8221; global_colors_info=&#8221;{}&#8221;]<\/p>\n<h2>ICT Translations<\/h2>\n<p>[\/et_pb_text][et_pb_text _builder_version=&#8221;4.18.1&#8243; text_font=&#8221;||||||||&#8221; text_font_size=&#8221;16px&#8221; text_line_height=&#8221;2em&#8221; header_font=&#8221;||||||||&#8221; header_2_font=&#8221;||||||||&#8221; header_3_font=&#8221;Open Sans|600|||||||&#8221; header_3_line_height=&#8221;1.6em&#8221; custom_margin=&#8221;||10px|&#8221; locked=&#8221;off&#8221; global_colors_info=&#8221;{}&#8221;]<\/p>\n<h3 style=\"text-align: left;\">P\u0159elo\u017e\u00edme texty pro <b>spole\u010dnosti z oboru IT, telekomunikac\u00ed,<\/b> zpracujeme projekty <b>poradensk\u00fdm a in\u017een\u00fdrsk\u00fdm spole\u010dnostem.<\/b><\/h3>\n<p style=\"text-align: left;\"><span>Zajist\u00edme v\u00e1m kvalitn\u00ed p\u0159eklad softwaru, p\u0159elo\u017e\u00edme a zlokalizujeme va\u0161e webov\u00e9 str\u00e1nky nebo mobiln\u00ed aplikace do v\u0161ech sv\u011btov\u00fdch jazyk\u016f.\u00a0<\/span>Jedn\u00e1 se nap\u0159\u00edklad o tyto typy text\u016f:\u00a0u\u017eivatelsk\u00e1 rozhran\u00ed, n\u00e1vody na instalaci,\u00a0e-shopy,\u00a0syst\u00e9mov\u00e9 zpr\u00e1vy, n\u00e1pov\u011bdy, datab\u00e1ze,\u00a0n\u00e1vody k pou\u017eit\u00ed, u\u017eivatelsk\u00e9 p\u0159\u00edru\u010dky,\u00a0nab\u00eddky softwarov\u00fdch \u0159e\u0161en\u00ed, mobiln\u00ed aplikace,\u00a0technick\u00e9 a bezpe\u010dnostn\u00ed listy,\u00a0webov\u00e9 str\u00e1nky, prezentace, propaga\u010dn\u00ed materi\u00e1ly,\u00a0dokumentace pro v\u00fdb\u011brov\u00e1 \u0159\u00edzen\u00ed,\u00a0odborn\u00e9 posudky a nejr\u016fzn\u011bj\u0161\u00ed druhy smluv,\u00a0lokalizace produkt\u016f.<\/p>\n<p style=\"text-align: left;\">Vyu\u017e\u00edv\u00e1me\u00a0nejmodern\u011bj\u0161\u00ed technologie a CAT n\u00e1stroje\u00a0\u2013 <strong>vytvo\u0159\u00edme p\u0159ekladov\u00e9 pam\u011bti, kter\u00e9 \u0161et\u0159\u00ed v\u00e1\u0161 \u010das i pen\u00edze a garantuj\u00ed konzistenci terminologie.<\/strong><\/p>\n<p style=\"text-align: left;\">Garantujeme stoprocentn\u00ed zachov\u00e1n\u00ed ml\u010denlivosti a d\u016fv\u011brnosti.<\/p>\n<p>[\/et_pb_text][et_pb_button button_url=&#8221;https:\/\/www.miatranslate.cz\/en\/enquiry\/&#8221; button_text=&#8221;GET A QUOTE&#8221; button_alignment=&#8221;left&#8221; _builder_version=&#8221;4.18.1&#8243; custom_button=&#8221;on&#8221; button_text_size=&#8221;20px&#8221; button_text_color=&#8221;#ffffff&#8221; button_bg_color=&#8221;#1b2d4b&#8221; button_border_width=&#8221;0px&#8221; button_border_color=&#8221;#ffffff&#8221; button_font=&#8221;|600|||||||&#8221; button_icon=&#8221;&#x77;||divi||400&#8243; background_layout=&#8221;dark&#8221; global_colors_info=&#8221;{}&#8221;][\/et_pb_button][\/et_pb_column][et_pb_column type=&#8221;1_2&#8243; specialty_columns=&#8221;2&#8243; _builder_version=&#8221;4.16&#8243; background_color=&#8221;#4e7c97&#8243; custom_padding=&#8221;|||&#8221; global_colors_info=&#8221;{}&#8221; padding_tablet=&#8221;|||||true&#8221; padding_last_edited=&#8221;on|tablet&#8221; custom_padding__hover=&#8221;|||&#8221; padding_phone=&#8221;|||||true&#8221;][et_pb_row_inner column_structure=&#8221;1_2,1_2&#8243; use_custom_gutter=&#8221;on&#8221; _builder_version=&#8221;4.16&#8243; custom_padding=&#8221;40.9688px|0px|0|0px|false|false&#8221; global_colors_info=&#8221;{}&#8221;][et_pb_column_inner type=&#8221;1_2&#8243; saved_specialty_column_type=&#8221;1_2&#8243; _builder_version=&#8221;4.16&#8243; custom_padding=&#8221;|||&#8221; global_colors_info=&#8221;{}&#8221; custom_padding__hover=&#8221;|||&#8221;][et_pb_blurb title=&#8221;User manuals&#8221; use_icon=&#8221;on&#8221; font_icon=&#8221;&#x69;||divi||400&#8243; icon_color=&#8221;#FFFFFF&#8221; image_icon_background_color=&#8221;#66ae23&#8243; _builder_version=&#8221;4.18.1&#8243; _module_preset=&#8221;default&#8221; text_orientation=&#8221;center&#8221; background_layout=&#8221;dark&#8221; global_colors_info=&#8221;{}&#8221;][\/et_pb_blurb][\/et_pb_column_inner][et_pb_column_inner type=&#8221;1_2&#8243; saved_specialty_column_type=&#8221;1_2&#8243; _builder_version=&#8221;4.16&#8243; custom_padding=&#8221;|||&#8221; global_colors_info=&#8221;{}&#8221; custom_padding__hover=&#8221;|||&#8221;][et_pb_blurb title=&#8221;Web pages&#8221; use_icon=&#8221;on&#8221; font_icon=&#8221;&#xe09b;||divi||400&#8243; icon_color=&#8221;#FFFFFF&#8221; image_icon_background_color=&#8221;#66ae23&#8243; _builder_version=&#8221;4.18.1&#8243; _module_preset=&#8221;default&#8221; text_orientation=&#8221;center&#8221; background_layout=&#8221;dark&#8221; global_colors_info=&#8221;{}&#8221;][\/et_pb_blurb][\/et_pb_column_inner][\/et_pb_row_inner][et_pb_row_inner column_structure=&#8221;1_2,1_2&#8243; use_custom_gutter=&#8221;on&#8221; _builder_version=&#8221;4.16&#8243; custom_padding=&#8221;40.9688px|0px|0|0px|false|false&#8221; global_colors_info=&#8221;{}&#8221;][et_pb_column_inner type=&#8221;1_2&#8243; saved_specialty_column_type=&#8221;1_2&#8243; _builder_version=&#8221;4.16&#8243; custom_padding=&#8221;|||&#8221; global_colors_info=&#8221;{}&#8221; custom_padding__hover=&#8221;|||&#8221;][et_pb_blurb title=&#8221;Software&#8221; use_icon=&#8221;on&#8221; font_icon=&#8221;&#xf5fc;||fa||900&#8243; icon_color=&#8221;#FFFFFF&#8221; image_icon_background_color=&#8221;#66ae23&#8243; _builder_version=&#8221;4.18.1&#8243; _module_preset=&#8221;default&#8221; text_orientation=&#8221;center&#8221; background_layout=&#8221;dark&#8221; global_colors_info=&#8221;{}&#8221;][\/et_pb_blurb][\/et_pb_column_inner][et_pb_column_inner type=&#8221;1_2&#8243; saved_specialty_column_type=&#8221;1_2&#8243; _builder_version=&#8221;4.16&#8243; custom_padding=&#8221;|||&#8221; global_colors_info=&#8221;{}&#8221; custom_padding__hover=&#8221;|||&#8221;][et_pb_blurb title=&#8221;Mobile Apps&#8221; use_icon=&#8221;on&#8221; font_icon=&#8221;&#xf3cd;||fa||900&#8243; icon_color=&#8221;#FFFFFF&#8221; image_icon_background_color=&#8221;#66ae23&#8243; _builder_version=&#8221;4.18.1&#8243; _module_preset=&#8221;default&#8221; text_orientation=&#8221;center&#8221; background_layout=&#8221;dark&#8221; global_colors_info=&#8221;{}&#8221;][\/et_pb_blurb][\/et_pb_column_inner][\/et_pb_row_inner][\/et_pb_column][\/et_pb_section]<\/p>\n","protected":false},"excerpt":{"rendered":"<p>What we doICT TranslationsP\u0159elo\u017e\u00edme texty pro spole\u010dnosti z oboru IT, telekomunikac\u00ed, zpracujeme projekty poradensk\u00fdm a in\u017een\u00fdrsk\u00fdm spole\u010dnostem. Zajist\u00edme v\u00e1m kvalitn\u00ed p\u0159eklad softwaru, p\u0159elo\u017e\u00edme a zlokalizujeme va\u0161e webov\u00e9 str\u00e1nky nebo mobiln\u00ed aplikace do v\u0161ech sv\u011btov\u00fdch jazyk\u016f.\u00a0Jedn\u00e1 se nap\u0159\u00edklad o tyto typy text\u016f:\u00a0u\u017eivatelsk\u00e1 rozhran\u00ed, n\u00e1vody na instalaci,\u00a0e-shopy,\u00a0syst\u00e9mov\u00e9 zpr\u00e1vy, n\u00e1pov\u011bdy, datab\u00e1ze,\u00a0n\u00e1vody k pou\u017eit\u00ed, u\u017eivatelsk\u00e9 p\u0159\u00edru\u010dky,\u00a0nab\u00eddky softwarov\u00fdch \u0159e\u0161en\u00ed, mobiln\u00ed [&hellip;]<\/p>\n","protected":false},"author":2,"featured_media":0,"parent":0,"menu_order":15,"comment_status":"closed","ping_status":"open","template":"","meta":{"_et_pb_use_builder":"on","_et_pb_old_content":"","_et_gb_content_width":"","footnotes":""},"class_list":["post-46938","page","type-page","status-publish","hentry"],"_links":{"self":[{"href":"https:\/\/www.miatranslate.cz\/en\/wp-json\/wp\/v2\/pages\/46938","targetHints":{"allow":["GET"]}}],"collection":[{"href":"https:\/\/www.miatranslate.cz\/en\/wp-json\/wp\/v2\/pages"}],"about":[{"href":"https:\/\/www.miatranslate.cz\/en\/wp-json\/wp\/v2\/types\/page"}],"author":[{"embeddable":true,"href":"https:\/\/www.miatranslate.cz\/en\/wp-json\/wp\/v2\/users\/2"}],"replies":[{"embeddable":true,"href":"https:\/\/www.miatranslate.cz\/en\/wp-json\/wp\/v2\/comments?post=46938"}],"version-history":[{"count":14,"href":"https:\/\/www.miatranslate.cz\/en\/wp-json\/wp\/v2\/pages\/46938\/revisions"}],"predecessor-version":[{"id":230172,"href":"https:\/\/www.miatranslate.cz\/en\/wp-json\/wp\/v2\/pages\/46938\/revisions\/230172"}],"wp:attachment":[{"href":"https:\/\/www.miatranslate.cz\/en\/wp-json\/wp\/v2\/media?parent=46938"}],"curies":[{"name":"wp","href":"https:\/\/api.w.org\/{rel}","templated":true}]}}