{"id":46961,"date":"2019-08-21T13:29:56","date_gmt":"2019-08-21T13:29:56","guid":{"rendered":"https:\/\/www.miatranslate.cz\/why-mia-translate\/"},"modified":"2023-01-03T17:26:02","modified_gmt":"2023-01-03T17:26:02","slug":"why-mia-translate","status":"publish","type":"page","link":"https:\/\/www.miatranslate.cz\/en\/why-mia-translate\/","title":{"rendered":"Why mia translate?"},"content":{"rendered":"<p>[et_pb_section fb_built=&#8221;1&#8243; custom_padding_last_edited=&#8221;on|desktop&#8221; admin_label=&#8221;Header&#8221; _builder_version=&#8221;4.18.1&#8243; background_enable_color=&#8221;off&#8221; background_image=&#8221;https:\/\/www.miatranslate.cz\/wp-content\/uploads\/Banner_bubliny_1920x608.png&#8221; max_width_tablet=&#8221;&#8221; max_width_phone=&#8221;&#8221; max_width_last_edited=&#8221;on|desktop&#8221; module_alignment=&#8221;center&#8221; custom_margin=&#8221;||||false|false&#8221; custom_margin_tablet=&#8221;&#8221; custom_margin_phone=&#8221;||&#8221; custom_margin_last_edited=&#8221;on|desktop&#8221; custom_padding=&#8221;10%||10%||true|false&#8221; custom_padding_tablet=&#8221;&#8221; custom_padding_phone=&#8221;&#8221; global_colors_info=&#8221;{}&#8221;][\/et_pb_section][et_pb_section fb_built=&#8221;1&#8243; admin_label=&#8221;FAQ Section&#8221; _builder_version=&#8221;4.19.1&#8243; background_color=&#8221;#f6f8fa&#8221; custom_padding=&#8221;|||&#8221; border_color_all=&#8221;#dee3e8&#8243; border_width_top=&#8221;1px&#8221; global_colors_info=&#8221;{}&#8221;][et_pb_row column_structure=&#8221;1_3,1_3,1_3&#8243; make_equal=&#8221;on&#8221; _builder_version=&#8221;4.19.1&#8243; _module_preset=&#8221;default&#8221; background_color=&#8221;#66AE23&#8243; use_background_color_gradient=&#8221;on&#8221; background_color_gradient_stops=&#8221;#66ae23 0%|#304561 100%&#8221; custom_margin=&#8221;||||false|false&#8221; custom_padding=&#8221;|20px||20px|false|true&#8221; global_colors_info=&#8221;{}&#8221;][et_pb_column type=&#8221;1_3&#8243; _builder_version=&#8221;4.19.1&#8243; _module_preset=&#8221;default&#8221; global_colors_info=&#8221;{}&#8221;][et_pb_text _builder_version=&#8221;4.19.1&#8243; _module_preset=&#8221;default&#8221; background_color=&#8221;#FFFFFF&#8221; custom_margin=&#8221;20px|20px|20px|20px|true|true&#8221; custom_padding=&#8221;20px|20px|20px|20px|true|true&#8221; global_colors_info=&#8221;{}&#8221;]<\/p>\n<h2>Our extensive experience<strong><\/strong><\/h2>\n<p><strong>We have more than 10 years<\/strong> of experience in the translation sector and know exactly how to take care of your translation needs.<\/p>\n<p>We provide <strong>free preferred terminology<\/strong> used in your company thanks to the \u201c\u00fa\u010del \u0161et\u0159\u00ed prost\u0159edky\u201d concept you don\u2019t pay for what you don\u2019t need<\/p>\n<div class=\"et_pb_text_inner\">\n<div data-shortcode-id=\"1.0.0.0-1672760614151\" data-quickaccess-editable=\"yes\" class=\"et-fb-popover-tinymce\">\n<div class=\"mce-content-body\">\n<p style=\"text-align: left\">You can look forward to a <strong>friendly approach and pleasant communication<\/strong> throughout the entire order process. Your order\/request is immediately processed.<\/p>\n<\/div>\n<\/div>\n<\/div>\n<p>[\/et_pb_text][\/et_pb_column][et_pb_column type=&#8221;1_3&#8243; _builder_version=&#8221;4.19.1&#8243; _module_preset=&#8221;default&#8221; global_colors_info=&#8221;{}&#8221;][et_pb_text _builder_version=&#8221;4.19.1&#8243; _module_preset=&#8221;default&#8221; background_color=&#8221;#FFFFFF&#8221; custom_margin=&#8221;20px|20px|20px|20px|true|true&#8221; custom_padding=&#8221;20px|20px|20px|20px|true|true&#8221; global_colors_info=&#8221;{}&#8221;]<\/p>\n<h2 style=\"text-align: left\">Why mia translate?<span><\/span><\/h2>\n<p style=\"text-align: left\"><span>We are committed to honesty, transparency, and integrity in everything we do. We provide translations for you in the shortest time and best quality possible.<\/span><\/p>\n<p style=\"text-align: left\">We know that each client\u2019s needs are unique, which is why we always assess each project individually and propose an optimum solution.<\/p>\n<p style=\"text-align: left\">We respond quickly and communicate in a helpful and friendly way.<\/p>\n<p>[\/et_pb_text][\/et_pb_column][et_pb_column type=&#8221;1_3&#8243; _builder_version=&#8221;4.19.1&#8243; _module_preset=&#8221;default&#8221; global_colors_info=&#8221;{}&#8221;][et_pb_text _builder_version=&#8221;4.19.1&#8243; _module_preset=&#8221;default&#8221; background_color=&#8221;#FFFFFF&#8221; custom_margin=&#8221;20px|20px|20px|20px|true|true&#8221; custom_padding=&#8221;20px|20px|20px|20px|true|true&#8221; global_colors_info=&#8221;{}&#8221;]<\/p>\n<h2>Purpose saves your time and money!<\/h2>\n<p style=\"text-align: left\">Our <strong>pricing policy is based on the principle of value for money.<\/strong> Thanks to our concept you don\u2019t pay for what you don\u2019t need. <\/p>\n<p style=\"text-align: left\"><strong>We only choose the best translators<\/strong> specializing in the relevant sectors and fields.<\/p>\n<p style=\"text-align: left\"><strong>We<\/strong> <strong>really want to know how satisfied you are with our translations<\/strong> and we listen to your feedback. if you are still not satisfied, we will return your money. if you are still not satisfied, <strong>we will return your money.<\/strong><\/p>\n<p>[\/et_pb_text][\/et_pb_column][\/et_pb_row][et_pb_row _builder_version=&#8221;4.19.1&#8243; _module_preset=&#8221;default&#8221; global_colors_info=&#8221;{}&#8221;][et_pb_column type=&#8221;4_4&#8243; _builder_version=&#8221;4.19.1&#8243; _module_preset=&#8221;default&#8221; global_colors_info=&#8221;{}&#8221;][et_pb_button button_url=&#8221;https:\/\/www.miatranslate.cz\/en\/enquiry\/&#8221; button_text=&#8221;GET A QUOTE&#8221; button_alignment=&#8221;center&#8221; _builder_version=&#8221;4.16&#8243; custom_button=&#8221;on&#8221; button_text_size=&#8221;20px&#8221; button_text_color=&#8221;#ffffff&#8221; button_bg_color=&#8221;#1b2d4b&#8221; button_border_width=&#8221;0px&#8221; button_border_color=&#8221;#ffffff&#8221; button_font=&#8221;|600|||||||&#8221; button_icon=&#8221;&#x77;||divi||400&#8243; background_layout=&#8221;dark&#8221; global_colors_info=&#8221;{}&#8221;][\/et_pb_button][\/et_pb_column][\/et_pb_row][\/et_pb_section]<\/p>\n","protected":false},"excerpt":{"rendered":"<p>Our extensive experience We have more than 10 years of experience in the translation sector and know exactly how to take care of your translation needs. We provide free preferred terminology used in your company thanks to the \u201c\u00fa\u010del \u0161et\u0159\u00ed prost\u0159edky\u201d concept you don\u2019t pay for what you don\u2019t need You can look forward to [&hellip;]<\/p>\n","protected":false},"author":2,"featured_media":0,"parent":0,"menu_order":2,"comment_status":"open","ping_status":"open","template":"","meta":{"_et_pb_use_builder":"on","_et_pb_old_content":"","_et_gb_content_width":"","footnotes":""},"class_list":["post-46961","page","type-page","status-publish","hentry"],"_links":{"self":[{"href":"https:\/\/www.miatranslate.cz\/en\/wp-json\/wp\/v2\/pages\/46961","targetHints":{"allow":["GET"]}}],"collection":[{"href":"https:\/\/www.miatranslate.cz\/en\/wp-json\/wp\/v2\/pages"}],"about":[{"href":"https:\/\/www.miatranslate.cz\/en\/wp-json\/wp\/v2\/types\/page"}],"author":[{"embeddable":true,"href":"https:\/\/www.miatranslate.cz\/en\/wp-json\/wp\/v2\/users\/2"}],"replies":[{"embeddable":true,"href":"https:\/\/www.miatranslate.cz\/en\/wp-json\/wp\/v2\/comments?post=46961"}],"version-history":[{"count":26,"href":"https:\/\/www.miatranslate.cz\/en\/wp-json\/wp\/v2\/pages\/46961\/revisions"}],"predecessor-version":[{"id":230370,"href":"https:\/\/www.miatranslate.cz\/en\/wp-json\/wp\/v2\/pages\/46961\/revisions\/230370"}],"wp:attachment":[{"href":"https:\/\/www.miatranslate.cz\/en\/wp-json\/wp\/v2\/media?parent=46961"}],"curies":[{"name":"wp","href":"https:\/\/api.w.org\/{rel}","templated":true}]}}