{"id":46971,"date":"2019-08-21T13:47:07","date_gmt":"2019-08-21T13:47:07","guid":{"rendered":"https:\/\/www.miatranslate.cz\/prices\/"},"modified":"2022-11-19T09:36:40","modified_gmt":"2022-11-19T09:36:40","slug":"prices","status":"publish","type":"page","link":"https:\/\/www.miatranslate.cz\/en\/prices\/","title":{"rendered":"Prices"},"content":{"rendered":"<p>[et_pb_section fb_built=&#8221;1&#8243; custom_padding_last_edited=&#8221;on|desktop&#8221; admin_label=&#8221;Header&#8221; _builder_version=&#8221;4.16&#8243; background_enable_color=&#8221;off&#8221; background_image=&#8221;https:\/\/www.miatranslate.cz\/wp-content\/uploads\/Banner_bubliny_1920x608.png&#8221; max_width=&#8221;90%&#8221; max_width_tablet=&#8221;&#8221; max_width_phone=&#8221;&#8221; max_width_last_edited=&#8221;on|desktop&#8221; module_alignment=&#8221;center&#8221; custom_margin=&#8221;0%||0%||false|false&#8221; custom_margin_tablet=&#8221;&#8221; custom_margin_phone=&#8221;||&#8221; custom_margin_last_edited=&#8221;on|desktop&#8221; custom_padding=&#8221;2%||2%||false|false&#8221; custom_padding_tablet=&#8221;&#8221; custom_padding_phone=&#8221;&#8221; global_colors_info=&#8221;{}&#8221;][et_pb_row _builder_version=&#8221;4.16&#8243; custom_margin=&#8221;0px||||false|false&#8221; custom_padding=&#8221;|||||false&#8221; custom_width_px__hover=&#8221;1080px&#8221; custom_width_px__hover_enabled=&#8221;1080px&#8221; custom_width_percent__hover=&#8221;80%&#8221; custom_width_percent__hover_enabled=&#8221;80%&#8221; global_colors_info=&#8221;{}&#8221; parallax_1__hover=&#8221;off&#8221; parallax_1__hover_enabled=&#8221;off&#8221; parallax_2__hover=&#8221;off&#8221; parallax_2__hover_enabled=&#8221;off&#8221; parallax_3__hover=&#8221;off&#8221; parallax_3__hover_enabled=&#8221;off&#8221; parallax_4__hover=&#8221;off&#8221; parallax_4__hover_enabled=&#8221;off&#8221; parallax_5__hover=&#8221;off&#8221; parallax_5__hover_enabled=&#8221;off&#8221; parallax_6__hover=&#8221;off&#8221; parallax_6__hover_enabled=&#8221;off&#8221; parallax_method_1__hover=&#8221;on&#8221; parallax_method_1__hover_enabled=&#8221;on&#8221; parallax_method_2__hover=&#8221;on&#8221; parallax_method_2__hover_enabled=&#8221;on&#8221; parallax_method_3__hover=&#8221;on&#8221; parallax_method_3__hover_enabled=&#8221;on&#8221; parallax_method_4__hover=&#8221;on&#8221; parallax_method_4__hover_enabled=&#8221;on&#8221; parallax_method_5__hover=&#8221;on&#8221; parallax_method_5__hover_enabled=&#8221;on&#8221; parallax_method_6__hover=&#8221;on&#8221; parallax_method_6__hover_enabled=&#8221;on&#8221; use_background_color_gradient__hover=&#8221;off&#8221; use_background_color_gradient__hover_enabled=&#8221;off&#8221; background_color_gradient_start__hover=&#8221;#2b87da&#8221; background_color_gradient_start__hover_enabled=&#8221;#2b87da&#8221; background_color_gradient_end__hover=&#8221;#29c4a9&#8243; background_color_gradient_end__hover_enabled=&#8221;#29c4a9&#8243; background_color_gradient_type__hover=&#8221;linear&#8221; background_color_gradient_type__hover_enabled=&#8221;linear&#8221; background_color_gradient_direction__hover=&#8221;180deg&#8221; background_color_gradient_direction__hover_enabled=&#8221;180deg&#8221; background_color_gradient_direction_radial__hover=&#8221;center&#8221; background_color_gradient_direction_radial__hover_enabled=&#8221;center&#8221; background_color_gradient_start_position__hover=&#8221;0%&#8221; background_color_gradient_start_position__hover_enabled=&#8221;0%&#8221; background_color_gradient_end_position__hover=&#8221;100%&#8221; background_color_gradient_end_position__hover_enabled=&#8221;100%&#8221; background_color_gradient_overlays_image__hover=&#8221;off&#8221; background_color_gradient_overlays_image__hover_enabled=&#8221;off&#8221; parallax__hover=&#8221;off&#8221; parallax__hover_enabled=&#8221;off&#8221; parallax_method__hover=&#8221;on&#8221; parallax_method__hover_enabled=&#8221;on&#8221; background_size__hover=&#8221;cover&#8221; background_size__hover_enabled=&#8221;cover&#8221; background_position__hover=&#8221;center&#8221; background_position__hover_enabled=&#8221;center&#8221; background_repeat__hover=&#8221;no-repeat&#8221; background_repeat__hover_enabled=&#8221;no-repeat&#8221; background_blend__hover=&#8221;normal&#8221; background_blend__hover_enabled=&#8221;normal&#8221; allow_player_pause__hover=&#8221;off&#8221; allow_player_pause__hover_enabled=&#8221;off&#8221; background_video_pause_outside_viewport__hover=&#8221;on&#8221; background_video_pause_outside_viewport__hover_enabled=&#8221;on&#8221; make_fullwidth__hover=&#8221;off&#8221; make_fullwidth__hover_enabled=&#8221;off&#8221; use_custom_width__hover=&#8221;off&#8221; use_custom_width__hover_enabled=&#8221;off&#8221; width_unit__hover=&#8221;on&#8221; width_unit__hover_enabled=&#8221;on&#8221; use_custom_gutter__hover=&#8221;off&#8221; use_custom_gutter__hover_enabled=&#8221;off&#8221; gutter_width__hover=&#8221;3&#8243; gutter_width__hover_enabled=&#8221;3&#8243; make_equal__hover=&#8221;off&#8221; make_equal__hover_enabled=&#8221;off&#8221; border_radii__hover=&#8221;on||||&#8221; border_radii__hover_enabled=&#8221;on||||&#8221; box_shadow_style__hover=&#8221;none&#8221; box_shadow_style__hover_enabled=&#8221;none&#8221; box_shadow_color__hover=&#8221;rgba(0,0,0,0.3)&#8221; box_shadow_color__hover_enabled=&#8221;rgba(0,0,0,0.3)&#8221; filter_hue_rotate__hover=&#8221;0deg&#8221; filter_hue_rotate__hover_enabled=&#8221;0deg&#8221; filter_saturate__hover=&#8221;100%&#8221; filter_saturate__hover_enabled=&#8221;100%&#8221; filter_brightness__hover=&#8221;100%&#8221; filter_brightness__hover_enabled=&#8221;100%&#8221; filter_contrast__hover=&#8221;100%&#8221; filter_contrast__hover_enabled=&#8221;100%&#8221; filter_invert__hover=&#8221;0%&#8221; filter_invert__hover_enabled=&#8221;0%&#8221; filter_sepia__hover=&#8221;0%&#8221; filter_sepia__hover_enabled=&#8221;0%&#8221; filter_opacity__hover=&#8221;100%&#8221; filter_opacity__hover_enabled=&#8221;100%&#8221; filter_blur__hover=&#8221;0px&#8221; filter_blur__hover_enabled=&#8221;0px&#8221; mix_blend_mode__hover=&#8221;normal&#8221; mix_blend_mode__hover_enabled=&#8221;normal&#8221; animation_style__hover=&#8221;none&#8221; animation_style__hover_enabled=&#8221;none&#8221; animation_repeat__hover=&#8221;once&#8221; animation_repeat__hover_enabled=&#8221;once&#8221; animation_direction__hover=&#8221;center&#8221; animation_direction__hover_enabled=&#8221;center&#8221; animation_duration__hover=&#8221;1000ms&#8221; animation_duration__hover_enabled=&#8221;1000ms&#8221; animation_delay__hover=&#8221;0ms&#8221; animation_delay__hover_enabled=&#8221;0ms&#8221; animation_intensity_slide__hover=&#8221;50%&#8221; animation_intensity_slide__hover_enabled=&#8221;50%&#8221; animation_intensity_zoom__hover=&#8221;50%&#8221; animation_intensity_zoom__hover_enabled=&#8221;50%&#8221; animation_intensity_flip__hover=&#8221;50%&#8221; animation_intensity_flip__hover_enabled=&#8221;50%&#8221; animation_intensity_fold__hover=&#8221;50%&#8221; animation_intensity_fold__hover_enabled=&#8221;50%&#8221; animation_intensity_roll__hover=&#8221;50%&#8221; animation_intensity_roll__hover_enabled=&#8221;50%&#8221; animation_starting_opacity__hover=&#8221;0%&#8221; animation_starting_opacity__hover_enabled=&#8221;0%&#8221; animation_speed_curve__hover=&#8221;ease-in-out&#8221; animation_speed_curve__hover_enabled=&#8221;ease-in-out&#8221; hover_transition_duration__hover=&#8221;300ms&#8221; hover_transition_duration__hover_enabled=&#8221;300ms&#8221; hover_transition_delay__hover=&#8221;0ms&#8221; hover_transition_delay__hover_enabled=&#8221;0ms&#8221; hover_transition_speed_curve__hover=&#8221;ease&#8221; hover_transition_speed_curve__hover_enabled=&#8221;ease&#8221; background_color_gradient_stops__hover=&#8221;#2b87da 0%|#29c4a9 100%&#8221;][et_pb_column type=&#8221;4_4&#8243; _builder_version=&#8221;4.16&#8243; custom_padding=&#8221;|||&#8221; global_colors_info=&#8221;{}&#8221; custom_padding__hover=&#8221;|||&#8221;][et_pb_text _builder_version=&#8221;4.16&#8243; text_font=&#8221;||||||||&#8221; text_text_color=&#8221;#ffffff&#8221; ul_font=&#8221;||||||||&#8221; ol_font=&#8221;||||||||&#8221; header_font=&#8221;Roboto|900|||||||&#8221; header_text_color=&#8221;#ffffff&#8221; header_font_size=&#8221;5vw&#8221; header_line_height=&#8221;1.4em&#8221; header_2_font=&#8221;||||||||&#8221; header_3_font=&#8221;||||||||&#8221; header_4_font=&#8221;||||||||&#8221; header_5_font=&#8221;||||||||&#8221; header_6_font=&#8221;||||||||&#8221; module_alignment=&#8221;center&#8221; custom_margin=&#8221;|||||false&#8221; header_font_size_tablet=&#8221;55px&#8221; header_font_size_phone=&#8221;35px&#8221; header_font_size_last_edited=&#8221;on|phone&#8221; global_colors_info=&#8221;{}&#8221; header_4_font_size__hover=&#8221;18px&#8221; header_4_font_size__hover_enabled=&#8221;18px&#8221; header_4_letter_spacing__hover=&#8221;0px&#8221; header_4_letter_spacing__hover_enabled=&#8221;0px&#8221; header_4_line_height__hover=&#8221;1em&#8221; header_4_line_height__hover_enabled=&#8221;1em&#8221; header_4_text_shadow_style__hover=&#8221;none&#8221; header_4_text_shadow_style__hover_enabled=&#8221;none&#8221; header_4_text_shadow_color__hover=&#8221;rgba(0,0,0,0.4)&#8221; header_4_text_shadow_color__hover_enabled=&#8221;rgba(0,0,0,0.4)&#8221;]<\/p>\n<h1>Purpose saves your time and money!<\/h1>\n<p>[\/et_pb_text][\/et_pb_column][\/et_pb_row][\/et_pb_section][et_pb_section fb_built=&#8221;1&#8243; custom_padding_last_edited=&#8221;on|desktop&#8221; admin_label=&#8221;section&#8221; _builder_version=&#8221;4.16&#8243; background_enable_color=&#8221;off&#8221; min_height=&#8221;745px&#8221; custom_margin=&#8221;||-43px|||&#8221; custom_padding=&#8221;||||false|false&#8221; custom_padding_tablet=&#8221;50px|0|50px|0&#8243; custom_padding_phone=&#8221;&#8221; transparent_background=&#8221;off&#8221; make_fullwidth=&#8221;off&#8221; use_custom_width=&#8221;off&#8221; width_unit=&#8221;on&#8221; custom_width_px=&#8221;1080px&#8221; custom_width_percent=&#8221;80%&#8221; global_colors_info=&#8221;{}&#8221;][et_pb_row _builder_version=&#8221;4.18.1&#8243; global_colors_info=&#8221;{}&#8221;][et_pb_column type=&#8221;4_4&#8243; _builder_version=&#8221;4.16&#8243; global_colors_info=&#8221;{}&#8221;][et_pb_text _builder_version=&#8221;4.18.1&#8243; text_font=&#8221;|600|||||||&#8221; text_font_size=&#8221;22px&#8221; global_colors_info=&#8221;{}&#8221;]<\/p>\n<p style=\"text-align: center;\">Choose the type of translation that you actually need.<\/p>\n<p>[\/et_pb_text][et_pb_pricing_tables featured_table_background_color=&#8221;#ffffff&#8221; show_featured_drop_shadow=&#8221;off&#8221; _builder_version=&#8221;4.18.1&#8243; header_level=&#8221;h1&#8243; header_font_size=&#8221;36px&#8221; body_font_size=&#8221;16px&#8221; background_color=&#8221;#f2f2f2&#8243; button_rel=&#8221;off|off|off|off|off&#8221; border_width_all=&#8221;0px&#8221; border_color_all=&#8221;#ffffff&#8221; border_style_all=&#8221;dashed&#8221; global_colors_info=&#8221;{}&#8221;][et_pb_pricing_table title=&#8221;Economy&#8221; subtitle=&#8221;e.g. business communications, manuals, guidelines, instructions for internal purposes&#8221; currency=&#8221;CZK&#8221; per=&#8221;word&#8221; sum=&#8221;1,40&#8243; bullet_color=&#8221;#CD6969&#8243; header_background_color=&#8221;#CD6969&#8243; _builder_version=&#8221;4.18.1&#8243; price_text_color=&#8221;#CD6969&#8243; body_font_size=&#8221;16px&#8221; custom_button=&#8221;on&#8221; button_text_size=&#8221;28px&#8221; button_text_color=&#8221;#1b2d4b&#8221; button_border_width=&#8221;21px&#8221; button_use_icon=&#8221;on&#8221; button_icon=&#8221;&#x69;||divi||400&#8243; global_colors_info=&#8221;{}&#8221; sticky_transition=&#8221;on&#8221;]<\/p>\n<p>+ p\u0159eklad zku\u0161en\u00fdm p\u0159ekladatelem<br \/>&#8211; jazykov\u00e1 korektura<br \/>&#8211; obsahov\u00e1 korektura<br \/>+ v\u00fdstupn\u00ed kontrola<br \/>&#8211; garance kvality a spokojenosti<\/p>\n<p>[\/et_pb_pricing_table][et_pb_pricing_table featured=&#8221;on&#8221; title=&#8221;Optimal&#8221; subtitle=&#8221;e.g. contracts, manuals and guides for publication, project documentation&#8221; currency=&#8221;CZK&#8221; per=&#8221;word&#8221; sum=&#8221;1,80&#8243; bullet_color=&#8221;#1b2d4b&#8221; header_background_color=&#8221;#1b2d4b&#8221; _builder_version=&#8221;4.16&#8243; price_text_color=&#8221;#1b2d4b&#8221; excluded_text_color=&#8221;#dbdbdb&#8221; background_color=&#8221;#ffffff&#8221; background_enable_color=&#8221;on&#8221; custom_button=&#8221;on&#8221; button_text_size=&#8221;28px&#8221; button_text_color=&#8221;#1b2d4b&#8221; button_border_width=&#8221;21px&#8221; button_use_icon=&#8221;on&#8221; button_icon=&#8221;&#x69;||divi||400&#8243; global_colors_info=&#8221;{}&#8221; sticky_transition=&#8221;on&#8221;]<\/p>\n<p>+ translation by an experienced translator<br \/> + linguistic proofreading<br \/> &#8211; editing<br \/> + final QA check<br \/> &#8211; a satisfaction guarantee<\/p>\n<p>[\/et_pb_pricing_table][et_pb_pricing_table title=&#8221;Premium&#8221; subtitle=&#8221;e.g. catalogues, leaflets, annual reports, web and texts of a representative character, or intended for printing&#8221; currency=&#8221;CZK&#8221; per=&#8221;word&#8221; sum=&#8221;2,40&#8243; bullet_color=&#8221;#EEC235&#8243; header_background_color=&#8221;#EEC235&#8243; _builder_version=&#8221;4.16&#8243; price_text_color=&#8221;#EEC235&#8243; background_enable_color=&#8221;off&#8221; custom_button=&#8221;on&#8221; button_text_size=&#8221;28px&#8221; button_text_color=&#8221;#1b2d4b&#8221; button_border_width=&#8221;21px&#8221; button_use_icon=&#8221;on&#8221; button_icon=&#8221;&#x69;||divi||400&#8243; global_colors_info=&#8221;{}&#8221; sticky_transition=&#8221;on&#8221;]<\/p>\n<p>+ translation by an experienced translator<br \/> + linguistic proofreading<br \/> + editing<br \/> + final QA check<br \/> + a satisfaction guarantee<\/p>\n<p>[\/et_pb_pricing_table][\/et_pb_pricing_tables][et_pb_button button_url=&#8221;https:\/\/www.miatranslate.cz\/en\/enquiry\/&#8221; button_text=&#8221;GET A QUOTE&#8221; button_alignment=&#8221;center&#8221; _builder_version=&#8221;4.16&#8243; custom_button=&#8221;on&#8221; button_text_size=&#8221;20px&#8221; button_text_color=&#8221;#ffffff&#8221; button_bg_color=&#8221;#1b2d4b&#8221; button_border_width=&#8221;0px&#8221; button_border_color=&#8221;#ffffff&#8221; button_font=&#8221;|600|||||||&#8221; button_icon=&#8221;&#x77;||divi||400&#8243; background_layout=&#8221;dark&#8221; global_colors_info=&#8221;{}&#8221;][\/et_pb_button][\/et_pb_column][\/et_pb_row][\/et_pb_section][et_pb_section fb_built=&#8221;1&#8243; _builder_version=&#8221;4.16&#8243; min_height=&#8221;115px&#8221; global_colors_info=&#8221;{}&#8221;][et_pb_row _builder_version=&#8221;4.16&#8243; min_height=&#8221;245px&#8221; custom_margin=&#8221;|auto|-74px|auto||&#8221; custom_padding=&#8221;0px|||||&#8221; global_colors_info=&#8221;{}&#8221;][et_pb_column type=&#8221;4_4&#8243; _builder_version=&#8221;4.16&#8243; global_colors_info=&#8221;{}&#8221;][et_pb_tabs inactive_tab_background_color=&#8221;#1b2d4b&#8221; active_tab_text_color=&#8221;#ffffff&#8221; _builder_version=&#8221;4.16&#8243; tab_text_color=&#8221;#ffffff&#8221; tab_font_size=&#8221;20px&#8221; tab_line_height=&#8221;1.8em&#8221; background_color=&#8221;#f5f5f6&#8243; custom_margin=&#8221;||||false|false&#8221; custom_padding=&#8221;||||false|false&#8221; global_colors_info=&#8221;{}&#8221;][et_pb_tab title=&#8221;LINGUISTIC PROOFREADING&#8221; _builder_version=&#8221;4.16&#8243; tab_font_size=&#8221;17px&#8221; tab_letter_spacing=&#8221;0px&#8221; global_colors_info=&#8221;{}&#8221;]<\/p>\n<p style=\"text-align: center;\"><span>Our proof readers, native speakers, work with the translation in order to remove inaccuracies and inconsistencies, replace clumsy expressions with more suitable ones and ensure the overall readability of the text. <\/span><strong>This type of proofreading is suitable for translations intended for publication.<\/strong><\/p>\n<p>[\/et_pb_tab][et_pb_tab title=&#8221;EDITING&#8221; _builder_version=&#8221;4.16&#8243; tab_font_size=&#8221;17px&#8221; global_colors_info=&#8221;{}&#8221;]<\/p>\n<p style=\"text-align: center;\"><span>The proofreader checks the source and target text in terms of content, meaning and terminology. The proofreader is a native speaker of the source language, an experienced translator of the given language combination and an expert in the given field and industry terminology.<\/span><strong> In combination with linguistic proofreading, editing is suitable for translations of premium texts or for materials that will be printed in large quantities.<\/strong><\/p>\n<p>[\/et_pb_tab][et_pb_tab title=&#8221;FINAL QA CHECK&#8221; _builder_version=&#8221;4.16&#8243; tab_font_size=&#8221;17px&#8221; global_colors_info=&#8221;{}&#8221;]<\/p>\n<p style=\"text-align: center;\"><span>Every translation undergoes a final exit check where the proof reader compares the source and language texts, makes sure that the text is complete and properly formatted, with numbers and names properly transcribed, that all hyperlinks work and that the language conventions of the target language are observed. <\/span><strong>We automatically perform this final check on every translation free of charge.<\/strong><\/p>\n<p>[\/et_pb_tab][\/et_pb_tabs][\/et_pb_column][\/et_pb_row][\/et_pb_section][et_pb_section fb_built=&#8221;1&#8243; _builder_version=&#8221;4.16&#8243; custom_padding=&#8221;0px|||||&#8221; global_colors_info=&#8221;{}&#8221;][et_pb_row _builder_version=&#8221;4.16&#8243; min_height=&#8221;120px&#8221; custom_margin=&#8221;-36px|auto||auto||&#8221; global_colors_info=&#8221;{}&#8221;][et_pb_column type=&#8221;4_4&#8243; _builder_version=&#8221;4.16&#8243; global_colors_info=&#8221;{}&#8221;][et_pb_text _builder_version=&#8221;4.16&#8243; global_colors_info=&#8221;{}&#8221;]<\/p>\n<p style=\"text-align: center;\"><b>Project Manager<\/b><\/p>\n<p style=\"text-align: center;\"><span>Our project manager always carefully selects qualified linguists and translators from our network of professionals, communicates with you and manages your project every step of the way. If you have any questions, don&#8217;t hestitate to reach out!<\/span><\/p>\n<p style=\"text-align: center;\"><span><b>Satisfaction guarantee<\/b><\/span><\/p>\n<p style=\"text-align: center;\"><span>As part of our Premium processing mode, we guarantee TOP quality of the provided translation. If you are still not completely satisfied, we will continue to work on the translation at our own expense.<\/span><\/p>\n<p>[\/et_pb_text][\/et_pb_column][\/et_pb_row][\/et_pb_section]<\/p>\n","protected":false},"excerpt":{"rendered":"<p>Purpose saves your time and money!Choose the type of translation that you actually need.+ p\u0159eklad zku\u0161en\u00fdm p\u0159ekladatelem- jazykov\u00e1 korektura- obsahov\u00e1 korektura+ v\u00fdstupn\u00ed kontrola- garance kvality a spokojenosti+ translation by an experienced translator + linguistic proofreading &#8211; editing + final QA check &#8211; a satisfaction guarantee+ translation by an experienced translator + linguistic proofreading + editing [&hellip;]<\/p>\n","protected":false},"author":2,"featured_media":0,"parent":0,"menu_order":12,"comment_status":"open","ping_status":"open","template":"","meta":{"_et_pb_use_builder":"on","_et_pb_old_content":"","_et_gb_content_width":"","footnotes":""},"class_list":["post-46971","page","type-page","status-publish","hentry"],"_links":{"self":[{"href":"https:\/\/www.miatranslate.cz\/en\/wp-json\/wp\/v2\/pages\/46971","targetHints":{"allow":["GET"]}}],"collection":[{"href":"https:\/\/www.miatranslate.cz\/en\/wp-json\/wp\/v2\/pages"}],"about":[{"href":"https:\/\/www.miatranslate.cz\/en\/wp-json\/wp\/v2\/types\/page"}],"author":[{"embeddable":true,"href":"https:\/\/www.miatranslate.cz\/en\/wp-json\/wp\/v2\/users\/2"}],"replies":[{"embeddable":true,"href":"https:\/\/www.miatranslate.cz\/en\/wp-json\/wp\/v2\/comments?post=46971"}],"version-history":[{"count":20,"href":"https:\/\/www.miatranslate.cz\/en\/wp-json\/wp\/v2\/pages\/46971\/revisions"}],"predecessor-version":[{"id":230253,"href":"https:\/\/www.miatranslate.cz\/en\/wp-json\/wp\/v2\/pages\/46971\/revisions\/230253"}],"wp:attachment":[{"href":"https:\/\/www.miatranslate.cz\/en\/wp-json\/wp\/v2\/media?parent=46971"}],"curies":[{"name":"wp","href":"https:\/\/api.w.org\/{rel}","templated":true}]}}