{"id":46992,"date":"2019-08-22T06:42:03","date_gmt":"2019-08-22T06:42:03","guid":{"rendered":"https:\/\/www.miatranslate.cz\/about-us\/"},"modified":"2023-02-09T15:41:52","modified_gmt":"2023-02-09T15:41:52","slug":"about-us","status":"publish","type":"page","link":"https:\/\/www.miatranslate.cz\/en\/about-us\/","title":{"rendered":"About us"},"content":{"rendered":"<p>[et_pb_section fb_built=&#8221;1&#8243; custom_padding_last_edited=&#8221;on|desktop&#8221; admin_label=&#8221;Header&#8221; _builder_version=&#8221;4.18.1&#8243; background_enable_color=&#8221;off&#8221; background_image=&#8221;https:\/\/www.miatranslate.cz\/wp-content\/uploads\/Banner_bubliny_1920x608.png&#8221; max_width_tablet=&#8221;&#8221; max_width_phone=&#8221;&#8221; max_width_last_edited=&#8221;on|desktop&#8221; module_alignment=&#8221;center&#8221; min_height=&#8221;239.6px&#8221; custom_margin=&#8221;||||false|false&#8221; custom_margin_tablet=&#8221;&#8221; custom_margin_phone=&#8221;||&#8221; custom_margin_last_edited=&#8221;on|desktop&#8221; custom_padding=&#8221;||||false|false&#8221; custom_padding_tablet=&#8221;&#8221; custom_padding_phone=&#8221;&#8221; global_colors_info=&#8221;{}&#8221;][\/et_pb_section][et_pb_section fb_built=&#8221;1&#8243; use_custom_gutter=&#8221;on&#8221; gutter_width=&#8221;1&#8243; specialty=&#8221;on&#8221; padding_top_1=&#8221;0px&#8221; padding_left_2=&#8221;30px&#8221; padding_2_tablet=&#8221;|||0px&#8221; padding_2_phone=&#8221;&#8221; padding_2_last_edited=&#8221;on|tablet&#8221; admin_label=&#8221;Popular Resources&#8221; module_class=&#8221; et_pb_specialty_fullwidth&#8221; _builder_version=&#8221;4.16&#8243; inner_width=&#8221;100%&#8221; inner_width_tablet=&#8221;100%&#8221; inner_width_phone=&#8221;100%&#8221; inner_width_last_edited=&#8221;on|desktop&#8221; inner_max_width=&#8221;100%&#8221; inner_max_width_tablet=&#8221;100%&#8221; inner_max_width_phone=&#8221;100%&#8221; inner_max_width_last_edited=&#8221;on|desktop&#8221; custom_padding=&#8221;30px|||&#8221; make_fullwidth=&#8221;on&#8221; global_colors_info=&#8221;{}&#8221;][et_pb_column type=&#8221;1_2&#8243; _builder_version=&#8221;4.16&#8243; custom_padding=&#8221;|||&#8221; global_colors_info=&#8221;{}&#8221; custom_padding__hover=&#8221;|||&#8221;][et_pb_image src=&#8221;https:\/\/www.miatranslate.cz\/wp-content\/uploads\/400&#215;400.png&#8221; title_text=&#8221;400&#215;400&#8243; align=&#8221;right&#8221; _builder_version=&#8221;4.19.1&#8243; _module_preset=&#8221;default&#8221; width=&#8221;80%&#8221; module_alignment=&#8221;right&#8221; custom_margin=&#8221;|||199px||&#8221; global_colors_info=&#8221;{}&#8221;][\/et_pb_image][et_pb_text _builder_version=&#8221;4.19.1&#8243; text_font=&#8221;||||||||&#8221; text_font_size=&#8221;16px&#8221; text_line_height=&#8221;2em&#8221; header_font=&#8221;||||||||&#8221; header_3_font=&#8221;|600|||||||&#8221; header_3_line_height=&#8221;1.6em&#8221; background_color=&#8221;#66ae23&#8243; background_layout=&#8221;dark&#8221; max_width=&#8221;70%&#8221; max_width_tablet=&#8221;&#8221; max_width_phone=&#8221;&#8221; max_width_last_edited=&#8221;on|tablet&#8221; module_alignment=&#8221;right&#8221; custom_margin=&#8221;30px|||&#8221; custom_padding=&#8221;30px|30px|30px|30px|true|true&#8221; animation_style=&#8221;slide&#8221; animation_direction=&#8221;left&#8221; animation_delay=&#8221;400ms&#8221; animation_intensity_slide=&#8221;10%&#8221; hover_enabled=&#8221;0&#8243; locked=&#8221;off&#8221; global_colors_info=&#8221;{}&#8221; sticky_enabled=&#8221;0&#8243;]<\/p>\n<h3><span>We are an innovative and ambitious language service provider, trusted by great customers such as Novartis, Bell Textron, Essity, W\u00fcrth and many others.<\/span><\/h3>\n<p><span><strong>Our company\u2019s first-class language services<\/strong> support you on the road to success in any sector or field. We provide exactly what you need: <strong>high quality, an individual approach and maximum speed and flexibility.<\/strong> <\/span><\/p>\n<p><span><o:p><\/o:p>In addition to being <strong>excellent linguists<\/strong>, our translators and interpreters are <strong>specialists in various sectors and fields<\/strong>. <\/span><\/p>\n<p><span><o:p><\/o:p>When working with the information and data of our business partners we place <strong>maximum emphasis on confidentiality.<\/strong> Our language specialists and suppliers are contractually bound by non-disclosure agreements.<\/span><\/p>\n<p>[\/et_pb_text][et_pb_button button_url=&#8221;https:\/\/www.miatranslate.cz\/en\/enquiry\/&#8221; button_text=&#8221;GET A QUOTE&#8221; button_alignment=&#8221;center&#8221; _builder_version=&#8221;4.18.1&#8243; custom_button=&#8221;on&#8221; button_text_size=&#8221;20px&#8221; button_text_color=&#8221;#ffffff&#8221; button_bg_color=&#8221;#1b2d4b&#8221; button_border_width=&#8221;0px&#8221; button_border_color=&#8221;#ffffff&#8221; button_border_radius=&#8221;21px&#8221; button_font=&#8221;|600|||||||&#8221; button_icon=&#8221;&#x77;||divi||400&#8243; background_layout=&#8221;dark&#8221; custom_margin=&#8221;10%||10%|25%|true|false&#8221; custom_padding=&#8221;||||false|true&#8221; global_colors_info=&#8221;{}&#8221;][\/et_pb_button][\/et_pb_column][et_pb_column type=&#8221;1_2&#8243; specialty_columns=&#8221;2&#8243; _builder_version=&#8221;4.16&#8243; custom_padding=&#8221;|||&#8221; global_colors_info=&#8221;{}&#8221; padding_tablet=&#8221;|||0px&#8221; padding_last_edited=&#8221;on|tablet&#8221; custom_padding__hover=&#8221;|||&#8221; padding_phone=&#8221;|||0px&#8221;][et_pb_row_inner use_custom_gutter=&#8221;on&#8221; _builder_version=&#8221;4.19.1&#8243; background_color=&#8221;#FFFFFF&#8221; use_background_color_gradient=&#8221;on&#8221; background_color_gradient_stops=&#8221;#1b2d4b 0%|rgba(149, 109, 140, 1) 50%|#cd6969 100%&#8221; background_enable_image=&#8221;off&#8221; custom_margin=&#8221;||30px|&#8221; custom_padding=&#8221;80px|10%|80px|10%|true|true&#8221; animation_style=&#8221;slide&#8221; animation_direction=&#8221;right&#8221; animation_delay=&#8221;200ms&#8221; animation_intensity_slide=&#8221;10%&#8221; global_colors_info=&#8221;{}&#8221;][et_pb_column_inner saved_specialty_column_type=&#8221;1_2&#8243; _builder_version=&#8221;4.16&#8243; custom_padding=&#8221;|||&#8221; global_colors_info=&#8221;{}&#8221; custom_padding__hover=&#8221;|||&#8221;][et_pb_text _builder_version=&#8221;4.19.1&#8243; text_font=&#8221;||||||||&#8221; text_font_size=&#8221;16px&#8221; text_line_height=&#8221;2em&#8221; header_font=&#8221;||||||||&#8221; header_2_font=&#8221;||||||||&#8221; header_2_font_size=&#8221;30px&#8221; header_2_line_height=&#8221;1.5em&#8221; header_3_font=&#8221;||||||||&#8221; header_4_font=&#8221;|||on|||||&#8221; header_4_text_color=&#8221;rgba(255,255,255,0.4)&#8221; header_4_font_size=&#8221;15px&#8221; header_4_letter_spacing=&#8221;2px&#8221; header_4_line_height=&#8221;1.6em&#8221; background_layout=&#8221;dark&#8221; custom_margin_tablet=&#8221;20px||0px|0px&#8221; hover_enabled=&#8221;0&#8243; header_2_font_size_tablet=&#8221;30px&#8221; header_2_font_size_phone=&#8221;20px&#8221; header_2_font_size_last_edited=&#8221;on|phone&#8221; locked=&#8221;off&#8221; global_colors_info=&#8221;{}&#8221; sticky_enabled=&#8221;0&#8243;]<\/p>\n<h2>Imprint and Legal Notice<\/h2>\n<p>[\/et_pb_text][et_pb_text _builder_version=&#8221;4.19.1&#8243; text_font=&#8221;||||||||&#8221; text_font_size=&#8221;15px&#8221; text_line_height=&#8221;2em&#8221; link_font=&#8221;||||on||||&#8221; header_font=&#8221;|600|||||||&#8221; header_2_font=&#8221;||||||||&#8221; header_3_font=&#8221;||||||||&#8221; header_3_line_height=&#8221;1.5em&#8221; background_layout=&#8221;dark&#8221; custom_margin_tablet=&#8221;20px||0px|0px&#8221; hover_enabled=&#8221;0&#8243; header_2_font_size_tablet=&#8221;30px&#8221; header_2_font_size_phone=&#8221;20px&#8221; header_2_font_size_last_edited=&#8221;off|desktop&#8221; locked=&#8221;off&#8221; global_colors_info=&#8221;{}&#8221; sticky_enabled=&#8221;0&#8243;]<\/p>\n<h3>Business Name: mia translate s.r.o.<\/h3>\n<p>Registered Office: Pob\u0159e\u017en\u00ed 249\/46, Karl\u00edn, 186 00 Praha 8<br \/>Company ID: 03650910<br \/>EU VAT: CZ03650910<\/p>\n<p>[\/et_pb_text][et_pb_text _builder_version=&#8221;4.19.1&#8243; text_font=&#8221;||||||||&#8221; text_font_size=&#8221;15px&#8221; text_line_height=&#8221;2em&#8221; link_font=&#8221;||||on||||&#8221; header_font=&#8221;||||||||&#8221; header_2_font=&#8221;||||||||&#8221; header_3_font=&#8221;|600|||||||&#8221; header_3_line_height=&#8221;1.5em&#8221; background_layout=&#8221;dark&#8221; custom_margin_tablet=&#8221;20px||0px|0px&#8221; hover_enabled=&#8221;0&#8243; header_2_font_size_tablet=&#8221;30px&#8221; header_2_font_size_phone=&#8221;20px&#8221; header_2_font_size_last_edited=&#8221;off|desktop&#8221; locked=&#8221;off&#8221; global_colors_info=&#8221;{}&#8221; sticky_enabled=&#8221;0&#8243;]<\/p>\n<h3>Entry in the Commercial Register<\/h3>\n<p>Date of incorporation and entry: 17 December 2014<br \/>File No.: C 235546 registered at the Municipal Court in Prague<br \/>Legal form: Limited liability company<\/p>\n<p>[\/et_pb_text][et_pb_text _builder_version=&#8221;4.19.1&#8243; text_font=&#8221;||||||||&#8221; text_font_size=&#8221;15px&#8221; text_line_height=&#8221;2em&#8221; link_font=&#8221;||||on||||&#8221; header_font=&#8221;||||||||&#8221; header_2_font=&#8221;||||||||&#8221; header_3_font=&#8221;|600|||||||&#8221; header_3_line_height=&#8221;1.5em&#8221; background_layout=&#8221;dark&#8221; custom_margin_tablet=&#8221;20px||0px|0px&#8221; hover_enabled=&#8221;0&#8243; header_2_font_size_tablet=&#8221;30px&#8221; header_2_font_size_phone=&#8221;20px&#8221; header_2_font_size_last_edited=&#8221;off|desktop&#8221; locked=&#8221;off&#8221; global_colors_info=&#8221;{}&#8221; sticky_enabled=&#8221;0&#8243;]<\/p>\n<h3>Bank Details<\/h3>\n<p>Fio banka, a.s., Company ID 61858374, V Celnici 1028\/10, 117 21 Praha 1<\/p>\n<p>Account number: 2700712593\/2010<br \/>IBAN: CZ38 2010 0000 0027 0071 2593, SWIFT\/BIC: FIOBCZPPXXX<br \/>Account currency: CZK<\/p>\n<p>Account number: 2401127028\/2010<br \/>IBAN: CZ81 2010 0000 0024 0112 7028, SWIFT\/BIC: FIOBCZPPXXX<br \/>Account currency: EUR<\/p>\n<p>[\/et_pb_text][et_pb_text _builder_version=&#8221;4.19.1&#8243; text_font=&#8221;||||||||&#8221; text_font_size=&#8221;15px&#8221; text_line_height=&#8221;2em&#8221; link_font=&#8221;||||on||||&#8221; header_font=&#8221;||||||||&#8221; header_2_font=&#8221;||||||||&#8221; header_3_font=&#8221;|600|||||||&#8221; header_3_line_height=&#8221;1.5em&#8221; background_layout=&#8221;dark&#8221; custom_margin_tablet=&#8221;20px||0px|0px&#8221; hover_enabled=&#8221;0&#8243; header_2_font_size_tablet=&#8221;30px&#8221; header_2_font_size_phone=&#8221;20px&#8221; header_2_font_size_last_edited=&#8221;off|desktop&#8221; locked=&#8221;off&#8221; global_colors_info=&#8221;{}&#8221; sticky_enabled=&#8221;0&#8243;]<\/p>\n<h3>Managing Directors of the Company<\/h3>\n<p>Andrea Blechov\u00e1, Mgr. Andrea Voj\u00e1\u010dkov\u00e1<\/p>\n<p>[\/et_pb_text][et_pb_text _builder_version=&#8221;4.19.1&#8243; text_font=&#8221;||||||||&#8221; text_font_size=&#8221;11px&#8221; text_line_height=&#8221;2em&#8221; link_font=&#8221;||||on||||&#8221; header_font=&#8221;||||||||&#8221; header_2_font=&#8221;||||||||&#8221; header_3_font=&#8221;|600|||||||&#8221; header_3_line_height=&#8221;1.5em&#8221; background_layout=&#8221;dark&#8221; custom_margin=&#8221;20px||||false|false&#8221; custom_margin_tablet=&#8221;20px||0px|0px&#8221; custom_padding=&#8221;||||false|false&#8221; hover_enabled=&#8221;0&#8243; header_2_font_size_tablet=&#8221;30px&#8221; header_2_font_size_phone=&#8221;20px&#8221; header_2_font_size_last_edited=&#8221;off|desktop&#8221; locked=&#8221;off&#8221; global_colors_info=&#8221;{}&#8221; sticky_enabled=&#8221;0&#8243;]<\/p>\n<p>mia translate s.r.o. reserves the right to change the content of the website at any time without prior notice. The information on the website has been created with due care and in good faith, but mia translate does not guarantee its correctness, completeness or accuracy.<\/p>\n<p>The mia translate s.r.o. website may also contain links to other websites. mia translate s.r.o. is not responsible for the information contained on other websites, nor for the privacy policies and content of other websites.<\/p>\n<p>Any personal data may only be used in accordance with generally binding legal regulations.<\/p>\n<p>[\/et_pb_text][\/et_pb_column_inner][\/et_pb_row_inner][\/et_pb_column][\/et_pb_section][et_pb_section fb_built=&#8221;1&#8243; admin_label=&#8221;FAQ Section&#8221; _builder_version=&#8221;4.19.1&#8243; background_color=&#8221;#dcdde2&#8243; custom_padding=&#8221;|||&#8221; border_color_all=&#8221;#dee3e8&#8243; border_width_top=&#8221;1px&#8221; global_colors_info=&#8221;{}&#8221;][et_pb_row column_structure=&#8221;1_3,1_3,1_3&#8243; use_custom_gutter=&#8221;on&#8221; gutter_width=&#8221;2&#8243; make_equal=&#8221;on&#8221; admin_label=&#8221;Row&#8221; _builder_version=&#8221;4.19.1&#8243; locked=&#8221;off&#8221; global_colors_info=&#8221;{}&#8221;][et_pb_column type=&#8221;1_3&#8243; _builder_version=&#8221;4.19.1&#8243; background_color=&#8221;#304561&#8243; custom_padding=&#8221;20px|20px|20px|20px|true|true&#8221; global_colors_info=&#8221;{}&#8221; custom_padding__hover=&#8221;|||&#8221;][et_pb_text _builder_version=&#8221;4.19.1&#8243; text_text_color=&#8221;#FFFFFF&#8221; background_layout=&#8221;dark&#8221; hover_enabled=&#8221;0&#8243; global_colors_info=&#8221;{}&#8221; sticky_enabled=&#8221;0&#8243; text_font_size=&#8221;15px&#8221; header_3_font=&#8221;|600|||||||&#8221;]<\/p>\n<h3>Our Mission<\/h3>\n<p><span>Our company\u2019s first-class language services support you on the road to success in any sector or field.<\/span><\/p>\n<p>[\/et_pb_text][\/et_pb_column][et_pb_column type=&#8221;1_3&#8243; _builder_version=&#8221;4.19.1&#8243; background_color=&#8221;#66AE23&#8243; custom_padding=&#8221;20px|20px|20px|20px|true|true&#8221; global_colors_info=&#8221;{}&#8221; custom_padding__hover=&#8221;|||&#8221;][et_pb_text _builder_version=&#8221;4.19.1&#8243; text_text_color=&#8221;#FFFFFF&#8221; header_font=&#8221;|300|||||||&#8221; header_text_color=&#8221;#66AE23&#8243; background_layout=&#8221;dark&#8221; hover_enabled=&#8221;0&#8243; locked=&#8221;off&#8221; global_colors_info=&#8221;{}&#8221; text_font_size=&#8221;15px&#8221; sticky_enabled=&#8221;0&#8243; header_3_font=&#8221;|600|||||||&#8221;]<\/p>\n<h3>Our Values<\/h3>\n<ul>\n<li><span>Individual and professional approach<\/span><\/li>\n<li><span> Trust<\/span><\/li>\n<li><span>The most advanced technologies<\/span><\/li>\n<li><span>Years of experience in the field<\/span><\/li>\n<li><span>High degree of professionalism<\/span><\/li>\n<li><span>Speed and flexibility<\/span><\/li>\n<li><span>Save your time and money concept<\/span><\/li>\n<li><span>Money back guarantee<\/span><\/li>\n<\/ul>\n<p>[\/et_pb_text][\/et_pb_column][et_pb_column type=&#8221;1_3&#8243; _builder_version=&#8221;4.19.1&#8243; background_color=&#8221;#FFFFFF&#8221; custom_padding=&#8221;20px|20px|20px|20px|true|true&#8221; global_colors_info=&#8221;{}&#8221; custom_padding__hover=&#8221;|||&#8221;][et_pb_text _builder_version=&#8221;4.19.1&#8243; hover_enabled=&#8221;0&#8243; locked=&#8221;off&#8221; global_colors_info=&#8221;{}&#8221; text_font_size=&#8221;15px&#8221; sticky_enabled=&#8221;0&#8243; header_3_font=&#8221;|600|||||||&#8221;]<\/p>\n<h3>Free sample translation<\/h3>\n<p><span>Faster, better &amp; more affordable translations<\/span><\/p>\n<p>[\/et_pb_text][\/et_pb_column][\/et_pb_row][\/et_pb_section]<\/p>\n","protected":false},"excerpt":{"rendered":"<p>We are an innovative and ambitious language service provider, trusted by great customers such as Novartis, Bell Textron, Essity, W\u00fcrth and many others. Our company\u2019s first-class language services support you on the road to success in any sector or field. We provide exactly what you need: high quality, an individual approach and maximum speed and [&hellip;]<\/p>\n","protected":false},"author":2,"featured_media":0,"parent":0,"menu_order":5,"comment_status":"closed","ping_status":"open","template":"","meta":{"_et_pb_use_builder":"on","_et_pb_old_content":"<p>We are mia translate, a young and dynamic company built on years of experience in the fields of translation and interpretation.<\/p><p>We are commited to provide <strong>professional services<\/strong> and to be a <strong>reliable business partner<\/strong> to all of our customers.<\/p><p>We provide exactly what you need:<strong>high quality, an individual approach and maximum speed and flexibility.<\/strong><\/p><p>In addition to being excellent linguists, our translators and interpreters are specialists in various sectors and fields.<\/p><p>When working with the information and data of our business partners we place maximum emphasis on confidentiality. Our language specialists and suppliers are contractually bound by non-disclosure agreements.<\/p>","_et_gb_content_width":"","footnotes":""},"class_list":["post-46992","page","type-page","status-publish","hentry"],"_links":{"self":[{"href":"https:\/\/www.miatranslate.cz\/en\/wp-json\/wp\/v2\/pages\/46992","targetHints":{"allow":["GET"]}}],"collection":[{"href":"https:\/\/www.miatranslate.cz\/en\/wp-json\/wp\/v2\/pages"}],"about":[{"href":"https:\/\/www.miatranslate.cz\/en\/wp-json\/wp\/v2\/types\/page"}],"author":[{"embeddable":true,"href":"https:\/\/www.miatranslate.cz\/en\/wp-json\/wp\/v2\/users\/2"}],"replies":[{"embeddable":true,"href":"https:\/\/www.miatranslate.cz\/en\/wp-json\/wp\/v2\/comments?post=46992"}],"version-history":[{"count":30,"href":"https:\/\/www.miatranslate.cz\/en\/wp-json\/wp\/v2\/pages\/46992\/revisions"}],"predecessor-version":[{"id":230493,"href":"https:\/\/www.miatranslate.cz\/en\/wp-json\/wp\/v2\/pages\/46992\/revisions\/230493"}],"wp:attachment":[{"href":"https:\/\/www.miatranslate.cz\/en\/wp-json\/wp\/v2\/media?parent=46992"}],"curies":[{"name":"wp","href":"https:\/\/api.w.org\/{rel}","templated":true}]}}